{"id":382,"date":"2022-06-22T10:21:54","date_gmt":"2022-06-22T10:21:54","guid":{"rendered":"https:\/\/bernardi.duall.it\/?page_id=382"},"modified":"2025-04-28T16:04:32","modified_gmt":"2025-04-28T14:04:32","slug":"cookie-policy","status":"publish","type":"page","link":"https:\/\/staging.cantinabernardi.it\/it\/cookie-policy\/","title":{"rendered":"Cookie Policy"},"content":{"rendered":"<p>La presente informativa viene resa dal Titolare del trattamento <strong>Cantina Bernardi s.n.c. di Bernardi A. e P.<\/strong> con sede in Refrontolo (TV), via Colvendrame n. 25 in ottemperanza all\u2019articolo 13 del GDPR e del Provvedimento del Garante della Privacy di data 8 maggio 2014.<\/p><p>L\u2019informativa ha ad oggetto i cookies relativi al sito internet www.cantinabernardi.it ______________<\/p><p><strong>1. DEFINIZIONE DI COOKIE<\/strong><\/p><p>I cookies sono piccoli file di testo utilizzati per memorizzare alcune informazioni che riguardano l\u2019utente e che vengono utilizzate per migliorare la navigazione dell\u2019utente stesso.<\/p><p>I cookie si distinguono principalmente in:<\/p><p>a) <strong><em>cookie di prima parte<\/em><\/strong>: gestiti direttamente dal proprietario del sito;<\/p><p>b) <strong><em>cookie di terze parti<\/em><\/strong>: gestiti e creati da soggetti estranei al sito web che si sta visitando.<\/p><p>Vi \u00e8 poi un\u2019ulteriore distinzione che si fonda sulla durata dei cookies. Esistono pertanto:<\/p><p><strong><em>cookie persistenti<\/em><\/strong> che permangono una volta chiuso il browser fino a scadenze preimpostate e<\/p><p><strong><em>cookie temporanei<\/em><\/strong> o di sessione che invece vengono eliminati una volta chiuso il browser.<\/p><p><strong>2. COOKIES UTILIZATI DAL SITO<\/strong><\/p><p><strong>2.1<\/strong> Nell\u2019ambito della categoria dei cookies di prima parte il nostro sito utilizza cookies tecnici di sessione e persistenti (cookies di prima parte) che permettono la navigazione o di fornire all\u2019utente il servizio richiesto. Non hanno ulteriori scopi e sono normalmente installati dal titolare del sito. Senza tale tipologia di cookie alcune operazioni potrebbero non essere compiute o sarebbero pi\u00f9 complesse o meno sicure. I cookies tecnici non richiedono il consenso dell\u2019utente, tuttavia quest\u2019ultimo ha sempre il diritto di essere informato in merito ala presenza di tali cookies e ha la facolt\u00e0 di opporsi al loro impiego (fermo restando che ci\u00f2 potrebbe pregiudicare parte delle funzionalit\u00e0 del sito web).<\/p><p><strong>2.2 <\/strong>Con riferimento ai cookies di terze parti, il consenso si assume prestato allorch\u00e8 l\u2019Utente clicchi sul tasto accetto presente nel banner che compare all\u2019apertura della pagina web e riguardante i cookie.<\/p><p>Nello specifico si precisa che il sitonon utilizza cookies di profilazione il che significa che non vengono creati profili dell\u2019Utente finalizzati ad inviargli pubblicit\u00e0 secondo le preferenze manifestante durante la navigazione.<\/p><p>Sono invece utilizzati cookies analitici utilizzati per raccogliere informazioni in forma aggregata e anonima degli utenti. La disattivazione di tali cookies non compromette l\u2019accesso alle funzionalit\u00e0 del sito.<\/p><p><strong>3.CONSENSO ALL\u2019UTILIZZO DEI COOKIES<\/strong><\/p><p>3.1 Il Titolare del trattamento chieder\u00e0 il consenso all\u2019impiego dei cookies con le seguenti modalit\u00e0:<\/p><p>a) cliccando sul tasto \u201caccetto\u201d presente nel banner che contiene l\u2019informativa sintetica sui cookies&nbsp; all\u2019apertura della pagina web;<\/p><p>b) chiudendo il banner contenente l\u2019informativa sintetica sui cookies e proseguendo quindi con la navigazione;<\/p><p>c) proseguendo nella navigazione cliccando su un qualsiasi elemento della pagina web al di fuori del banner;<\/p><p>d) accedendo alla presente informativa attraverso il pulsante messo a disposizione nel banner di apertura e limitando o evitando l\u2019utilizzo dei cookies come previsto all\u2019articolo che segue.<\/p><p><strong>4. LIMITARE \/EVITARE L\u2019USO DEI COOKIES<\/strong><\/p><p><strong>4.1<\/strong> Ogni utente pu\u00f2 esprimere le proprie preferenze all\u2019interno al proprio browser per la gestione dei cookies. Si ricorda che i cookie possono anche essere disattivati. Tuttavia, la disattivazione dei cookie potrebbe determiniate la limitazione o impossibilit\u00e0 di accedere a tutte le funzionalit\u00e0 del sito web.<\/p><p>Di seguito indichiamo le pagine per ciascun browser dove si possono trovare ulteriori informazioni e approfondimenti<\/p><p>Firefox <a href=\"https:\/\/support.mozilla.org\/it\/kb\/Gestione%20dei%20cookie\">https:\/\/support.mozilla.org\/it\/kb\/Gestione%20dei%20cookie<\/a><\/p><p>Internet explorer: <a href=\"https:\/\/support.microsoft.com\/en-us\/help\/17442\/windows-internet-explorer-delete-manage-cookies\">https:\/\/support.microsoft.com\/en-us\/help\/17442\/windows-internet-explorer-delete-manage-cookies<\/a><\/p><p>Chrome <a href=\"https:\/\/support.google.com\/chrome\/answer\/95647?hl=it\">https:\/\/support.google.com\/chrome\/answer\/95647?hl=it<\/a><\/p><p>Safari <a href=\"https:\/\/support.apple.com\/kb\/ph5042?locale=en_US\">https:\/\/support.apple.com\/kb\/ph5042?locale=en_US<\/a><\/p><p>Inoltre, tutti i browser permettono di navigare in modalit\u00e0 privata senza quindi che vengano raccolti dati di navigazione.<\/p><p>5. ELENCO SPECIFICO DEI COOKIES IMPIEGATI NEL SITO<\/p><p><strong>Google Analytics<\/strong>: Il Sito utilizza Google Analytics, un servizio di analisi del traffico web fornito da Google, Inc. (\u201cGoogle\u201d). Questo servizio viene utilizzato per raccogliere dati statistici che ci consentono di migliorare l\u2019esperienza degli utenti del sito web. Google Analytics utilizza i \u201ccookie\u201d per raccogliere e analizzare informazioni relative alle modalit\u00e0 di interazione degli utenti con il sito web in forma aggregata (ad esempio pagine pi\u00f9 visitate, provenienza geografica dei visitatori ecc). Google archivia le informazioni raccolte su propri server negli Stati Uniti. I dati generati da Google Analytics sono conservati da Google cos\u00ec come indicato nella Informativa reperibile al seguente link<\/p><p><a href=\"https:\/\/support.google.com\/analytics\/answer\/6004245?hl=it\">https:\/\/support.google.com\/analytics\/answer\/6004245?hl=it<\/a><\/p><p>Per consultare l\u2019informativa privacy di Google Inc., titolare autonomo del trattamento dei dati relativi al servizio Google Analytics, si rinvia al sito Internet<\/p><p>http:\/\/www.google.com\/intl\/it\/policies\/privacy<\/p><p>L\u2019utente pu\u00f2 disattivare Google Analytics installando sul proprio browser il componente aggiuntivo di opt-out fornito da Google:<\/p><p><a href=\"https:\/\/tools.google.com\/dlpage\/gaoptout\">https:\/\/tools.google.com\/dlpage\/gaoptout<\/a><\/p><p><strong>Social Networks<\/strong>: Sulle pagine del Sito possono essere presenti pulsanti e widgets di Social Network per agevolare l\u2019interazione con le piattaforme Social e la condivisione di contenuti direttamente dalle pagine di questo sito web. A titolo di maggiore informazione, si riportano di seguito gli indirizzi web delle informative e delle modalit\u00e0 per la gestione dei cookie dei diversi social network:<\/p><p>Facebook: https:\/\/www.facebook.com\/help\/cookies<\/p><p>Instragam : https:\/\/help.instagram.com\/1896641480634370?ref=ig<\/p><p>6. DIRITTI DEGLI INTERESSATI<\/p><p>In relazione ai dati personali oggetto del trattamento di cui alla presente informativa, a lei \u00e8 riconosciuto in qualsiasi momento il diritto di:<\/p><p>&#8211; <strong>Accesso<\/strong> (art. 15 Reg. UE n. 2016\/679): il Titolare garantisce il diritto di accesso ai dati personali che riguardano l\u2019interessato.<\/p><p>&#8211; <strong>Rettifica<\/strong> (art. 16 Reg. UE n. 2016\/679): il Titolare provvede, su richiesta dell\u2019interessato, alla rettifica senza ingiustificato ritardo dei dati personali inesatti.<\/p><p>&#8211; <strong>Cancellazione<\/strong> (art. 17 Reg. UE n. 2016\/679): il Titolare del trattamento provvede alla cancellazione dei dati personali dell\u2019interessato senza ingiustificato ritardo se: i dati personali non sono pi\u00f9 necessari rispetto alle finalit\u00e0 per le quali sono stati raccolti o trattati; l\u2019interessato revoca il consenso; l\u2019interessato si oppone al trattamento e non sussiste alcun motivo legittimo prevalente per procedere al trattamento; i dati personali sono stati trattati illecitamente.<\/p><p>&#8211; <strong>Limitazione<\/strong> (art. 18 Reg. UE n. 2016\/679): il Titolare del trattamento provvede a limitare il trattamento su richiesta dell\u2019interessato quando: l\u2019interessato contesta l\u2019esattezza dei dati; il trattamento \u00e8 illecito e l\u2019interessato si oppone alla cancellazione dei dati ma chiede la limitazione del trattamento; i dati non sono pi\u00f9 necessari ai fini del trattamento, ma sono necessari per l\u2019accertamento, l\u2019esercizio, la difesa di un diritto in sede giudiziaria; l\u2019interessato si \u00e8 opposto al trattamento ed \u00e8 in attesa della prevalenza dei motivi legittimi del Titolare del trattamento rispetto a quelli dell\u2019interessato.<\/p><p>&nbsp;&#8211; <strong>Portabilit\u00e0<\/strong> (art. 20 Reg. UE n. 2016\/679): intesa come diritto ad ottenere dal Titolare del trattamento i dati in un formato strutturato di uso comune e leggibile da dispositivo automatico per trasmetterli ad un altro titolare del trattamento senza impedimenti.<\/p><p>&#8211; <strong>Opposizione al trattamento<\/strong> (art. 21 Reg. UE n. 2016\/679): l\u2019interessato ha il diritto di opporsi in qualsiasi momento al trattamento dei dati personali che lo riguardano.<\/p><p>&nbsp;&#8211;<strong>Esercitare il diritto di revoca del consenso, <\/strong>qualora prestato per una o pi\u00f9 finalit\u00e0 specifiche, in ogni momento ferma la liceit\u00e0 del trattamento fino alla revoca del predetto consenso.<\/p><p>&#8211; <strong>Proporre reclamo all\u2019autorit\u00e0 Garante per la Protezione dei dati personali<\/strong> (art. 77 Reg. UE n. 2016\/679).<\/p><p>L\u2019esercizio dei suindicati diritti potr\u00e0 essere esercitato mediante comunicazione scritta da inviare tramite e-mail all\u2019indirizzo <a href=\"mailto:bernardi@cantinabernardi.it\">bernardi@cantinabernardi.it<\/a> oppure con lettera raccomandata a\/r al seguente indirizzo:<strong> <\/strong>Refrontolo (TV), via Colvendrame n.25 ovvero via pec all\u2019indirizzo cantinabernardi@pec.it .<\/p><p>In relazione al diritto di proporre reclamo all\u2019 autorit\u00e0 Garante per la Protezione dei Dati personali si rinvia alle indicazioni presenti sul sito https:\/\/www.garanteprivacy.it.<\/p>","protected":false},"excerpt":{"rendered":"<p>La presente informativa viene resa dal Titolare del trattamento Cantina Bernardi s.n.c. di Bernardi A. e P. con sede in Refrontolo (TV), via Colvendrame n. 25 in ottemperanza all\u2019articolo 13 del GDPR e del Provvedimento del Garante della Privacy di data 8 maggio 2014. L\u2019informativa ha ad oggetto i cookies relativi al sito internet www.cantinabernardi.it [&hellip;]<\/p>\n","protected":false},"author":1,"featured_media":0,"parent":0,"menu_order":14,"comment_status":"closed","ping_status":"closed","template":"page-templates\/page-sidebar-none.php","meta":{"_acf_changed":false,"_monsterinsights_skip_tracking":false,"_monsterinsights_sitenote_active":false,"_monsterinsights_sitenote_note":"","_monsterinsights_sitenote_category":0,"footnotes":""},"class_list":["post-382","page","type-page","status-publish","hentry"],"acf":[],"yoast_head":"<!-- This site is optimized with the Yoast SEO plugin v24.9 - https:\/\/yoast.com\/wordpress\/plugins\/seo\/ -->\n<title>Cookie Policy - Cantina Bernardi<\/title>\n<meta name=\"robots\" content=\"noindex, follow, max-snippet:-1, max-image-preview:large, max-video-preview:-1\" \/>\n<meta property=\"og:locale\" content=\"it_IT\" \/>\n<meta property=\"og:type\" content=\"article\" \/>\n<meta property=\"og:title\" content=\"Cookie Policy - Cantina Bernardi\" \/>\n<meta property=\"og:description\" content=\"La presente informativa viene resa dal Titolare del trattamento Cantina Bernardi s.n.c. di Bernardi A. e P. con sede in Refrontolo (TV), via Colvendrame n. 25 in ottemperanza all\u2019articolo 13 del GDPR e del Provvedimento del Garante della Privacy di data 8 maggio 2014. L\u2019informativa ha ad oggetto i cookies relativi al sito internet www.cantinabernardi.it [&hellip;]\" \/>\n<meta property=\"og:url\" content=\"https:\/\/staging.cantinabernardi.it\/it\/cookie-policy\/\" \/>\n<meta property=\"og:site_name\" content=\"Cantina Bernardi\" \/>\n<meta property=\"article:publisher\" content=\"https:\/\/www.facebook.com\/cantinabernardi\/\" \/>\n<meta property=\"article:modified_time\" content=\"2025-04-28T14:04:32+00:00\" \/>\n<meta name=\"twitter:card\" content=\"summary_large_image\" \/>\n<meta name=\"twitter:label1\" content=\"Tempo di lettura stimato\" \/>\n\t<meta name=\"twitter:data1\" content=\"7 minuti\" \/>\n<script type=\"application\/ld+json\" class=\"yoast-schema-graph\">{\"@context\":\"https:\/\/schema.org\",\"@graph\":[{\"@type\":\"WebPage\",\"@id\":\"https:\/\/staging.cantinabernardi.it\/it\/cookie-policy\/\",\"url\":\"https:\/\/staging.cantinabernardi.it\/it\/cookie-policy\/\",\"name\":\"Cookie Policy - Cantina Bernardi\",\"isPartOf\":{\"@id\":\"https:\/\/staging.cantinabernardi.it\/it\/#website\"},\"datePublished\":\"2022-06-22T10:21:54+00:00\",\"dateModified\":\"2025-04-28T14:04:32+00:00\",\"breadcrumb\":{\"@id\":\"https:\/\/staging.cantinabernardi.it\/it\/cookie-policy\/#breadcrumb\"},\"inLanguage\":\"it-IT\",\"potentialAction\":[{\"@type\":\"ReadAction\",\"target\":[\"https:\/\/staging.cantinabernardi.it\/it\/cookie-policy\/\"]}]},{\"@type\":\"BreadcrumbList\",\"@id\":\"https:\/\/staging.cantinabernardi.it\/it\/cookie-policy\/#breadcrumb\",\"itemListElement\":[{\"@type\":\"ListItem\",\"position\":1,\"name\":\"Home\",\"item\":\"https:\/\/staging.cantinabernardi.it\/it\/\"},{\"@type\":\"ListItem\",\"position\":2,\"name\":\"Cookie Policy\"}]},{\"@type\":\"WebSite\",\"@id\":\"https:\/\/staging.cantinabernardi.it\/it\/#website\",\"url\":\"https:\/\/staging.cantinabernardi.it\/it\/\",\"name\":\"Cantina Bernardi\",\"description\":\"\",\"potentialAction\":[{\"@type\":\"SearchAction\",\"target\":{\"@type\":\"EntryPoint\",\"urlTemplate\":\"https:\/\/staging.cantinabernardi.it\/it\/?s={search_term_string}\"},\"query-input\":{\"@type\":\"PropertyValueSpecification\",\"valueRequired\":true,\"valueName\":\"search_term_string\"}}],\"inLanguage\":\"it-IT\"}]}<\/script>\n<!-- \/ Yoast SEO plugin. -->","yoast_head_json":{"title":"Cookie Policy - Cantina Bernardi","robots":{"index":"noindex","follow":"follow","max-snippet":"max-snippet:-1","max-image-preview":"max-image-preview:large","max-video-preview":"max-video-preview:-1"},"og_locale":"it_IT","og_type":"article","og_title":"Cookie Policy - Cantina Bernardi","og_description":"La presente informativa viene resa dal Titolare del trattamento Cantina Bernardi s.n.c. di Bernardi A. e P. con sede in Refrontolo (TV), via Colvendrame n. 25 in ottemperanza all\u2019articolo 13 del GDPR e del Provvedimento del Garante della Privacy di data 8 maggio 2014. L\u2019informativa ha ad oggetto i cookies relativi al sito internet www.cantinabernardi.it [&hellip;]","og_url":"https:\/\/staging.cantinabernardi.it\/it\/cookie-policy\/","og_site_name":"Cantina Bernardi","article_publisher":"https:\/\/www.facebook.com\/cantinabernardi\/","article_modified_time":"2025-04-28T14:04:32+00:00","twitter_card":"summary_large_image","twitter_misc":{"Tempo di lettura stimato":"7 minuti"},"schema":{"@context":"https:\/\/schema.org","@graph":[{"@type":"WebPage","@id":"https:\/\/staging.cantinabernardi.it\/it\/cookie-policy\/","url":"https:\/\/staging.cantinabernardi.it\/it\/cookie-policy\/","name":"Cookie Policy - Cantina Bernardi","isPartOf":{"@id":"https:\/\/staging.cantinabernardi.it\/it\/#website"},"datePublished":"2022-06-22T10:21:54+00:00","dateModified":"2025-04-28T14:04:32+00:00","breadcrumb":{"@id":"https:\/\/staging.cantinabernardi.it\/it\/cookie-policy\/#breadcrumb"},"inLanguage":"it-IT","potentialAction":[{"@type":"ReadAction","target":["https:\/\/staging.cantinabernardi.it\/it\/cookie-policy\/"]}]},{"@type":"BreadcrumbList","@id":"https:\/\/staging.cantinabernardi.it\/it\/cookie-policy\/#breadcrumb","itemListElement":[{"@type":"ListItem","position":1,"name":"Home","item":"https:\/\/staging.cantinabernardi.it\/it\/"},{"@type":"ListItem","position":2,"name":"Cookie Policy"}]},{"@type":"WebSite","@id":"https:\/\/staging.cantinabernardi.it\/it\/#website","url":"https:\/\/staging.cantinabernardi.it\/it\/","name":"Cantina Bernardi","description":"","potentialAction":[{"@type":"SearchAction","target":{"@type":"EntryPoint","urlTemplate":"https:\/\/staging.cantinabernardi.it\/it\/?s={search_term_string}"},"query-input":{"@type":"PropertyValueSpecification","valueRequired":true,"valueName":"search_term_string"}}],"inLanguage":"it-IT"}]}},"_links":{"self":[{"href":"https:\/\/staging.cantinabernardi.it\/it\/wp-json\/wp\/v2\/pages\/382","targetHints":{"allow":["GET"]}}],"collection":[{"href":"https:\/\/staging.cantinabernardi.it\/it\/wp-json\/wp\/v2\/pages"}],"about":[{"href":"https:\/\/staging.cantinabernardi.it\/it\/wp-json\/wp\/v2\/types\/page"}],"author":[{"embeddable":true,"href":"https:\/\/staging.cantinabernardi.it\/it\/wp-json\/wp\/v2\/users\/1"}],"replies":[{"embeddable":true,"href":"https:\/\/staging.cantinabernardi.it\/it\/wp-json\/wp\/v2\/comments?post=382"}],"version-history":[{"count":3,"href":"https:\/\/staging.cantinabernardi.it\/it\/wp-json\/wp\/v2\/pages\/382\/revisions"}],"predecessor-version":[{"id":386,"href":"https:\/\/staging.cantinabernardi.it\/it\/wp-json\/wp\/v2\/pages\/382\/revisions\/386"}],"wp:attachment":[{"href":"https:\/\/staging.cantinabernardi.it\/it\/wp-json\/wp\/v2\/media?parent=382"}],"curies":[{"name":"wp","href":"https:\/\/api.w.org\/{rel}","templated":true}]}}