{"id":389,"date":"2022-03-10T15:09:40","date_gmt":"2022-03-10T14:09:40","guid":{"rendered":"https:\/\/bernardi.duall.it\/privacy-policy\/"},"modified":"2025-04-28T16:04:05","modified_gmt":"2025-04-28T14:04:05","slug":"privacy-policy","status":"publish","type":"page","link":"https:\/\/staging.cantinabernardi.it\/en\/privacy-policy\/","title":{"rendered":"Privacy Policy"},"content":{"rendered":"<p>Ai sensi degli artt. 13 e 14 del Regolamento UE n. 2016\/679 (d\u2019ora in poi Regolamento o GDPR), relativo alla protezione delle persone fisiche con riguardo al trattamento dei dati personali e del d.lgs. 196\/2003 viene resa la presente informativa.<\/p><p><strong>Cantina Bernardi s.n.c. di Bernardi A. e P.<\/strong> informa che l\u2019utilizzo del presente sito comporta il trattamento dei dati personali dell\u2019interessato solo per le finalit\u00e0 e attraverso le modalit\u00e0 di seguito indicate.<\/p><p><strong>1. Titolare del trattamento<\/strong><\/p><p>Il Titolare del Trattamento \u00e8 <strong>Cantina Bernardi s.n.c. di Bernardi A. e P.<\/strong> (C.F. e P.IVA 01442230262), con sede legale in Refrontolo (TV), via Colvendrame n.25 che pu\u00f2 contattare all\u2019indirizzo mail: <a href=\"mailto:bernardi@cantinabernardi.it\">bernardi@cantinabernardi.it<\/a> per qualunque informazione inerente al trattamento dei dati personali da parte di Cantina Bernardi s.n.c. .<\/p><p><strong>2. Tipologia di dati trattati<\/strong><\/p><ol class=\"wp-block-list\" type=\"a\"><li>dati di Navigazione:&nbsp;durante il normale funzionamento del sito, i sistemi informatici e le procedure software acquisiscono alcuni dati personali la cui trasmissione \u00e8 implicita nell&#8217;uso dei protocolli di comunicazione di Internet.&nbsp;&nbsp;<\/li><\/ol><p>In questa categoria di dati rientrano gli indirizzi IP o i nomi a dominio dei computers utilizzati dagli interessati che si connettono al sito, gli indirizzi delle risorse richieste, l\u2019orario della richiesta, il metodo utilizzato nel sottoporre la richiesta al server, la dimensione del file ottenuto in risposta, il codice numerico indicante lo stato della risposta del server buon fine, errore, ecc.) ed altri parametri inerenti al sistema operativo e all\u2019ambiente informatico dell\u2019interessato.<\/p><ul class=\"wp-block-list\"><li>dati comuni volontariamente forniti dall\u2019interessato attraverso eventuali <em>form<\/em> di contatto o adesione agli eventuali servizi presenti sul sito (es: newsletter) o per l\u2019acquisto di beni attraverso l\u2019e-commerce;<\/li><li>cookies come da informativa.<\/li><\/ul><p><strong>3. Finalit\u00e0 del trattamento e basi giuridiche<\/strong><\/p><p>I dati raccolti saranno utilizzati per le seguenti finalit\u00e0:<\/p><p><em>&nbsp;i)<\/em>al fine di rispondere ad ogni Sua richiesta inoltrata a mezzo del <em>form<\/em> di contatto o a mezzo e-mail ai sensi dell\u2019articolo 6, paragrafo 1, lett. b) del GDPR;<\/p><p>ii) dare esecuzione al contratto di acquisto di beni attraverso l\u2019e-commerce ai sensi dell\u2019articolo 6, paragrafo 1, lett. b) del GDPR;<\/p><p><em>&nbsp;iii)<\/em> inviarle newsletter o comunicazioni di carattere commerciale e marketing solo previo suo espresso consenso come prescritto dall\u2019articolo 6, paragrafo 1, lett. a) del GDPR;<\/p><p><em>iv)<\/em> per adempiere a un obbligo di legge ai sensi dell\u2019articolo 6, paragrafo 1, lett. c) del GDPR;<\/p><p><em>&nbsp;v)<\/em> per il perseguimento di un interesse legittimo del Titolare del Trattamento ai sensi dell\u2019articolo 6, paragrafo 1, lett. f) del GDPR.<\/p><p><strong>4.&nbsp; Facoltativit\u00e0 del conferimento dei dati<\/strong><\/p><p>Il conferimento dei dati \u00e8 facoltativo. Tuttavia, il mancato conferimento potrebbe determinare l\u2019impossibilit\u00e0 di evadere le Sue richieste o fornire i servizi richiesti.<\/p><p><strong>5. Modalit\u00e0 del trattamento<\/strong><\/p><p>I dati personali verranno trattati mediante l\u2019utilizzo di strumenti e procedure idonee a garantire la sicurezza e la riservatezza, sia facendo uso di supporti analogici\/cartacei che con l\u2019ausilio di supporti e strumenti informatici e\/o telematici.<\/p><p><strong>6.&nbsp; Soggetto che potranno essere destinatari dei dati personali<\/strong><\/p><p>I dati personali saranno trattati esclusivamente dal Titolare del trattamento, dai Responsabili del Trattamento da lui nominati e dagli incaricati del trattamento strettamente autorizzati. L\u2019elenco aggiornato dei Responsabili potr\u00e0 sempre essere richiesto al Titolare.<\/p><p><strong>7. Periodo di conservazione dei dati<\/strong><\/p><p>La conservazione dei dati personali avverr\u00e0 per il tempo strettamente necessario all\u2019assolvimento delle finalit\u00e0 per le quali i dati sono raccolti.<\/p><p>Qualora il trattamento dei dati sia basato sul consenso si precisa che il consenso potr\u00e0 essere revocato in ogni momento ferma la liceit\u00e0 del trattamento effettuato prima della predetta revoca.<\/p><p>Maggiori informazioni in merito al tempo di conservazione dei dati potranno sempre essere richieste alla seguente mail: <a href=\"mailto:bernardi@cantinabernardi.it\">bernardi@cantinabernardi.it<\/a> .<\/p><p><strong>8. Trasferimento dei dati<\/strong><\/p><p>I suoi dati non saranno soggetti a diffusione n\u00e9 ad alcun processo decisionale interamente automatizzato ivi compresa la profilazione.<\/p><p>I suoi dati verranno trattati in via prevalente all\u2019interno dell\u2019Unione Europea.<\/p><p>Qualora il titolare del trattamento trasferisca i suoi dati personali a Paesi non appartenenti all\u2019UE o comunque non appartenenti allo Spazio Economico Europeo proceder\u00e0 come segue.<\/p><p>In caso di trasferimento di dati ai predetti Paesi terzi il titolare del trattamento garantir\u00e0 un livello di protezione adeguato ai sensi dell\u2019art. 45 Regolamento Europeo 2016\/679 e dall\u2019art. 29 Working Party (la Commissione ha il potere di stabilire tale adeguatezza attraverso una specifica decisione e sul punto si rinvia all\u2019elenco delle decisioni presenti nel sito del Garante per la protezione dei dati personali www.garanteprivacy.it).<\/p><p>In mancanza di una decisione di adeguatezza ai sensi dell\u2019art. 45 del Regolamento Europeo il titolare del trattamento fornir\u00e0 garanzie adeguate ai sensi degli artt. 46 &#8211; 47 del Regolamento Europeo 2016\/679.<\/p><p>Ogni informazione relativa alle garanzie adeguate sar\u00e0 sempre disponibile presso la sede del Titolare del Trattamento e comunque richiedibile all\u2019indirizzo mail <a href=\"mailto:bernardi@cantinabernardi.it\">bernardi@cantinabernardi.it<\/a> .<\/p><p>Da ultimo nell\u2019ipotesi in cui non vi sia una decisione di adeguatezza ai sensi dell\u2019art. 45 del R.E. 2016\/679 o garanzie adeguate ai sensi dell\u2019art. 46 del predetto Regolamento, comprese le norme vincolanti di impresa, il trasferimento dei dati personali verso un Paese sar\u00e0 ammesso solo in presenza di deroghe in specifiche situazioni di cui all\u2019art. 49 del R.E. 2016\/679.<\/p><p><strong>9. Diritti dell\u2019interessato<\/strong><\/p><p>In relazione ai dati personali oggetto del trattamento di cui alla presente informativa, a lei \u00e8 riconosciuto in qualsiasi momento il diritto di:<\/p><p>&#8211; <strong>Accesso<\/strong> (art. 15 Reg. UE n. 2016\/679): il Titolare garantisce il diritto di accesso ai dati personali che riguardano l\u2019interessato.<\/p><p>&#8211; <strong>Rettifica<\/strong> (art. 16 Reg. UE n. 2016\/679): il Titolare provvede, su richiesta dell\u2019interessato, alla rettifica senza ingiustificato ritardo dei dati personali inesatti.<\/p><p>&#8211; <strong>Cancellazione<\/strong> (art. 17 Reg. UE n. 2016\/679): il Titolare del trattamento provvede alla cancellazione dei dati personali dell\u2019interessato senza ingiustificato ritardo se: i dati personali non sono pi\u00f9 necessari rispetto alle finalit\u00e0 per le quali sono stati raccolti o trattati; l\u2019interessato revoca il consenso; l\u2019interessato si oppone al trattamento e non sussiste alcun motivo legittimo prevalente per procedere al trattamento; i dati personali sono stati trattati illecitamente.<\/p><p>&#8211; <strong>Limitazione<\/strong> (art. 18 Reg. UE n. 2016\/679): il Titolare del trattamento provvede a limitare il trattamento su richiesta dell\u2019interessato quando: l\u2019interessato contesta l\u2019esattezza dei dati; il trattamento \u00e8 illecito e l\u2019interessato si oppone alla cancellazione dei dati ma chiede la limitazione del trattamento; i dati non sono pi\u00f9 necessari ai fini del trattamento, ma sono necessari per l\u2019accertamento, l\u2019esercizio, la difesa di un diritto in sede giudiziaria; l\u2019interessato si \u00e8 opposto al trattamento ed \u00e8 in attesa della prevalenza dei motivi legittimi del Titolare del trattamento rispetto a quelli dell\u2019interessato.<\/p><p>&nbsp;&#8211; <strong>Portabilit\u00e0<\/strong> (art. 20 Reg. UE n. 2016\/679): intesa come diritto ad ottenere dal Titolare del trattamento i dati in un formato strutturato di uso comune e leggibile da dispositivo automatico per trasmetterli ad un altro titolare del trattamento senza impedimenti.<\/p><p>&#8211; <strong>Opposizione al trattamento<\/strong> (art. 21 Reg. UE n. 2016\/679): l\u2019interessato ha il diritto di opporsi in qualsiasi momento al trattamento dei dati personali che lo riguardano.<\/p><p>&nbsp;&#8211;<strong>Esercitare il diritto di revoca del consenso, <\/strong>qualora prestato per una o pi\u00f9 finalit\u00e0 specifiche, in ogni momento ferma la liceit\u00e0 del trattamento fino alla revoca del predetto consenso.<\/p><p>&#8211; <strong>Proporre reclamo all\u2019autorit\u00e0 Garante per la Protezione dei dati personali<\/strong> (art. 77 Reg. UE n. 2016\/679).<\/p><p>L\u2019esercizio dei suindicati diritti potr\u00e0 essere esercitato mediante comunicazione scritta da inviare tramite e-mail all\u2019indirizzo <a href=\"mailto:bernardi@cantinabernardi.it\">bernardi@cantinabernardi.it<\/a> oppure con lettera raccomandata a\/r al seguente indirizzo:<strong> <\/strong>Refrontolo (TV), via Colvendrame n.25 ovvero via pec all\u2019indirizzo <a href=\"mailto:cantinabernardi@pec.it\">cantinabernardi@pec.it<\/a> .<\/p><p>In relazione al diritto di proporre reclamo all\u2019 autorit\u00e0 Garante per la Protezione dei Dati personali si rinvia alle indicazioni presenti sul sito https:\/\/www.garanteprivacy.it.<\/p>","protected":false},"excerpt":{"rendered":"<p>Ai sensi degli artt. 13 e 14 del Regolamento UE n. 2016\/679 (d\u2019ora in poi Regolamento o GDPR), relativo alla protezione delle persone fisiche con riguardo al trattamento dei dati personali e del d.lgs. 196\/2003 viene resa la presente informativa. Cantina Bernardi s.n.c. di Bernardi A. e P. informa che l\u2019utilizzo del presente sito comporta [&hellip;]<\/p>\n","protected":false},"author":1,"featured_media":0,"parent":0,"menu_order":26,"comment_status":"closed","ping_status":"closed","template":"page-templates\/page-sidebar-none.php","meta":{"_acf_changed":false,"_monsterinsights_skip_tracking":false,"_monsterinsights_sitenote_active":false,"_monsterinsights_sitenote_note":"","_monsterinsights_sitenote_category":0,"footnotes":""},"class_list":["post-389","page","type-page","status-publish","hentry"],"acf":[],"yoast_head":"<!-- This site is optimized with the Yoast SEO plugin v24.9 - https:\/\/yoast.com\/wordpress\/plugins\/seo\/ -->\n<title>Privacy Policy - Cantina Bernardi<\/title>\n<meta name=\"robots\" content=\"noindex, follow, max-snippet:-1, max-image-preview:large, max-video-preview:-1\" \/>\n<meta property=\"og:locale\" content=\"en_US\" \/>\n<meta property=\"og:type\" content=\"article\" \/>\n<meta property=\"og:title\" content=\"Privacy Policy - Cantina Bernardi\" \/>\n<meta property=\"og:description\" content=\"Ai sensi degli artt. 13 e 14 del Regolamento UE n. 2016\/679 (d\u2019ora in poi Regolamento o GDPR), relativo alla protezione delle persone fisiche con riguardo al trattamento dei dati personali e del d.lgs. 196\/2003 viene resa la presente informativa. Cantina Bernardi s.n.c. di Bernardi A. e P. informa che l\u2019utilizzo del presente sito comporta [&hellip;]\" \/>\n<meta property=\"og:url\" content=\"https:\/\/staging.cantinabernardi.it\/en\/privacy-policy\/\" \/>\n<meta property=\"og:site_name\" content=\"Cantina Bernardi\" \/>\n<meta property=\"article:publisher\" content=\"https:\/\/www.facebook.com\/cantinabernardi\/\" \/>\n<meta property=\"article:modified_time\" content=\"2025-04-28T14:04:05+00:00\" \/>\n<meta name=\"twitter:card\" content=\"summary_large_image\" \/>\n<meta name=\"twitter:label1\" content=\"Est. reading time\" \/>\n\t<meta name=\"twitter:data1\" content=\"7 minutes\" \/>\n<script type=\"application\/ld+json\" class=\"yoast-schema-graph\">{\"@context\":\"https:\/\/schema.org\",\"@graph\":[{\"@type\":\"WebPage\",\"@id\":\"https:\/\/staging.cantinabernardi.it\/en\/privacy-policy\/\",\"url\":\"https:\/\/staging.cantinabernardi.it\/en\/privacy-policy\/\",\"name\":\"Privacy Policy - Cantina Bernardi\",\"isPartOf\":{\"@id\":\"https:\/\/staging.cantinabernardi.it\/it\/#website\"},\"datePublished\":\"2022-03-10T14:09:40+00:00\",\"dateModified\":\"2025-04-28T14:04:05+00:00\",\"breadcrumb\":{\"@id\":\"https:\/\/staging.cantinabernardi.it\/en\/privacy-policy\/#breadcrumb\"},\"inLanguage\":\"en-US\",\"potentialAction\":[{\"@type\":\"ReadAction\",\"target\":[\"https:\/\/staging.cantinabernardi.it\/en\/privacy-policy\/\"]}]},{\"@type\":\"BreadcrumbList\",\"@id\":\"https:\/\/staging.cantinabernardi.it\/en\/privacy-policy\/#breadcrumb\",\"itemListElement\":[{\"@type\":\"ListItem\",\"position\":1,\"name\":\"Home\",\"item\":\"https:\/\/staging.cantinabernardi.it\/en\/\"},{\"@type\":\"ListItem\",\"position\":2,\"name\":\"Privacy Policy\"}]},{\"@type\":\"WebSite\",\"@id\":\"https:\/\/staging.cantinabernardi.it\/it\/#website\",\"url\":\"https:\/\/staging.cantinabernardi.it\/it\/\",\"name\":\"Cantina Bernardi\",\"description\":\"\",\"potentialAction\":[{\"@type\":\"SearchAction\",\"target\":{\"@type\":\"EntryPoint\",\"urlTemplate\":\"https:\/\/staging.cantinabernardi.it\/it\/?s={search_term_string}\"},\"query-input\":{\"@type\":\"PropertyValueSpecification\",\"valueRequired\":true,\"valueName\":\"search_term_string\"}}],\"inLanguage\":\"en-US\"}]}<\/script>\n<!-- \/ Yoast SEO plugin. -->","yoast_head_json":{"title":"Privacy Policy - Cantina Bernardi","robots":{"index":"noindex","follow":"follow","max-snippet":"max-snippet:-1","max-image-preview":"max-image-preview:large","max-video-preview":"max-video-preview:-1"},"og_locale":"en_US","og_type":"article","og_title":"Privacy Policy - Cantina Bernardi","og_description":"Ai sensi degli artt. 13 e 14 del Regolamento UE n. 2016\/679 (d\u2019ora in poi Regolamento o GDPR), relativo alla protezione delle persone fisiche con riguardo al trattamento dei dati personali e del d.lgs. 196\/2003 viene resa la presente informativa. Cantina Bernardi s.n.c. di Bernardi A. e P. informa che l\u2019utilizzo del presente sito comporta [&hellip;]","og_url":"https:\/\/staging.cantinabernardi.it\/en\/privacy-policy\/","og_site_name":"Cantina Bernardi","article_publisher":"https:\/\/www.facebook.com\/cantinabernardi\/","article_modified_time":"2025-04-28T14:04:05+00:00","twitter_card":"summary_large_image","twitter_misc":{"Est. reading time":"7 minutes"},"schema":{"@context":"https:\/\/schema.org","@graph":[{"@type":"WebPage","@id":"https:\/\/staging.cantinabernardi.it\/en\/privacy-policy\/","url":"https:\/\/staging.cantinabernardi.it\/en\/privacy-policy\/","name":"Privacy Policy - Cantina Bernardi","isPartOf":{"@id":"https:\/\/staging.cantinabernardi.it\/it\/#website"},"datePublished":"2022-03-10T14:09:40+00:00","dateModified":"2025-04-28T14:04:05+00:00","breadcrumb":{"@id":"https:\/\/staging.cantinabernardi.it\/en\/privacy-policy\/#breadcrumb"},"inLanguage":"en-US","potentialAction":[{"@type":"ReadAction","target":["https:\/\/staging.cantinabernardi.it\/en\/privacy-policy\/"]}]},{"@type":"BreadcrumbList","@id":"https:\/\/staging.cantinabernardi.it\/en\/privacy-policy\/#breadcrumb","itemListElement":[{"@type":"ListItem","position":1,"name":"Home","item":"https:\/\/staging.cantinabernardi.it\/en\/"},{"@type":"ListItem","position":2,"name":"Privacy Policy"}]},{"@type":"WebSite","@id":"https:\/\/staging.cantinabernardi.it\/it\/#website","url":"https:\/\/staging.cantinabernardi.it\/it\/","name":"Cantina Bernardi","description":"","potentialAction":[{"@type":"SearchAction","target":{"@type":"EntryPoint","urlTemplate":"https:\/\/staging.cantinabernardi.it\/it\/?s={search_term_string}"},"query-input":{"@type":"PropertyValueSpecification","valueRequired":true,"valueName":"search_term_string"}}],"inLanguage":"en-US"}]}},"_links":{"self":[{"href":"https:\/\/staging.cantinabernardi.it\/en\/wp-json\/wp\/v2\/pages\/389","targetHints":{"allow":["GET"]}}],"collection":[{"href":"https:\/\/staging.cantinabernardi.it\/en\/wp-json\/wp\/v2\/pages"}],"about":[{"href":"https:\/\/staging.cantinabernardi.it\/en\/wp-json\/wp\/v2\/types\/page"}],"author":[{"embeddable":true,"href":"https:\/\/staging.cantinabernardi.it\/en\/wp-json\/wp\/v2\/users\/1"}],"replies":[{"embeddable":true,"href":"https:\/\/staging.cantinabernardi.it\/en\/wp-json\/wp\/v2\/comments?post=389"}],"version-history":[{"count":1,"href":"https:\/\/staging.cantinabernardi.it\/en\/wp-json\/wp\/v2\/pages\/389\/revisions"}],"predecessor-version":[{"id":392,"href":"https:\/\/staging.cantinabernardi.it\/en\/wp-json\/wp\/v2\/pages\/389\/revisions\/392"}],"wp:attachment":[{"href":"https:\/\/staging.cantinabernardi.it\/en\/wp-json\/wp\/v2\/media?parent=389"}],"curies":[{"name":"wp","href":"https:\/\/api.w.org\/{rel}","templated":true}]}}